{"id":125,"date":"2015-02-12T09:08:00","date_gmt":"2015-02-12T09:08:00","guid":{"rendered":"https:\/\/old.horticulture18.fr\/?page_id=125"},"modified":"2019-03-23T16:04:15","modified_gmt":"2019-03-23T16:04:15","slug":"chez-nos-amis-et-partenaires","status":"publish","type":"page","link":"https:\/\/old.horticulture18.fr\/?page_id=125","title":{"rendered":"Chez nos amis et partenaires"},"content":{"rendered":"\n<p><br><\/p>\n\n\n<h2><em>\u00a0 <\/em><strong><span style=\"color: #000000;\">Le Conservatoire national du P\u00e9largonium<\/span><\/strong><\/h2>\n<h6><strong>Collection dans les serres de la ville de Bourges de 850 vari\u00e9t\u00e9s de Pelargoniums (de la m\u00eame famille que les g\u00e9raniums), y compris des Pelargoniums odorants. Tout cela g\u00e9r\u00e9 par\u00a0les agents de la ville de Bourges.<\/strong><br \/><a href=\"http:\/\/bourges-tourisme.com\">www.bourges-tourisme.com<\/a><\/h6>\n<figure id=\"attachment_965\" aria-describedby=\"caption-attachment-965\" style=\"width: 341px\" class=\"wp-caption aligncenter\"><a href=\"https:\/\/old.horticulture18.fr\/wp-content\/uploads\/2015\/06\/DSC00953.jpg\"><img loading=\"lazy\" decoding=\"async\" class=\"wp-image-965 \" src=\"https:\/\/old.horticulture18.fr\/wp-content\/uploads\/2015\/06\/DSC00953-300x200.jpg\" alt=\"DSC00953\" width=\"341\" height=\"227\" srcset=\"https:\/\/old.horticulture18.fr\/wp-content\/uploads\/2015\/06\/DSC00953-300x200.jpg 300w, https:\/\/old.horticulture18.fr\/wp-content\/uploads\/2015\/06\/DSC00953-1024x682.jpg 1024w\" sizes=\"(max-width: 341px) 100vw, 341px\" \/><\/a><figcaption id=\"caption-attachment-965\" class=\"wp-caption-text\"><strong>De belles couleurs voyantes.<\/strong><\/figcaption><\/figure>\n<p>Dans les trois serres, on trouve les cultivars (plantes hybrides), tr\u00e8s florif\u00e8res et color\u00e9es, celles que l\u2019on retrouve facilement dans le commerce ; les \u00ab botaniques \u00bb vivant spontan\u00e9ment dans la nature, venant \u00e0 90 % d\u2019Afrique du Sud ; et les \u00ab g\u00e9raniums-lierre \u00bb ou hederaefolium, en suspensions pour faciliter les travaux \u00e0 hauteur d\u2019homme.<\/p>\n<figure id=\"attachment_966\" aria-describedby=\"caption-attachment-966\" style=\"width: 263px\" class=\"wp-caption alignright\"><a href=\"https:\/\/old.horticulture18.fr\/wp-content\/uploads\/2015\/06\/DSC00959.jpg\"><img loading=\"lazy\" decoding=\"async\" class=\" wp-image-966\" src=\"https:\/\/old.horticulture18.fr\/wp-content\/uploads\/2015\/06\/DSC00959-300x200.jpg\" alt=\"DSC00959\" width=\"263\" height=\"175\" srcset=\"https:\/\/old.horticulture18.fr\/wp-content\/uploads\/2015\/06\/DSC00959-300x200.jpg 300w, https:\/\/old.horticulture18.fr\/wp-content\/uploads\/2015\/06\/DSC00959-1024x682.jpg 1024w\" sizes=\"(max-width: 263px) 100vw, 263px\" \/><\/a><figcaption id=\"caption-attachment-966\" class=\"wp-caption-text\"><strong>PBI : des plaques jaunes englu\u00e9es, des sachets d&rsquo;auxiliaires.<\/strong><\/figcaption><\/figure>\n<p>\u00a0<\/p>\n<figure id=\"attachment_976\" aria-describedby=\"caption-attachment-976\" style=\"width: 261px\" class=\"wp-caption alignleft\"><a href=\"https:\/\/old.horticulture18.fr\/wp-content\/uploads\/2015\/06\/DSC009691.jpg\"><img loading=\"lazy\" decoding=\"async\" class=\" wp-image-976\" src=\"https:\/\/old.horticulture18.fr\/wp-content\/uploads\/2015\/06\/DSC009691-300x200.jpg\" alt=\"DSC00969\" width=\"261\" height=\"174\" srcset=\"https:\/\/old.horticulture18.fr\/wp-content\/uploads\/2015\/06\/DSC009691-300x200.jpg 300w, https:\/\/old.horticulture18.fr\/wp-content\/uploads\/2015\/06\/DSC009691-1024x682.jpg 1024w\" sizes=\"(max-width: 261px) 100vw, 261px\" \/><\/a><figcaption id=\"caption-attachment-976\" class=\"wp-caption-text\"><strong>Attaque de cochenilles.<\/strong><\/figcaption><\/figure>\n<p>On y pratique la Protection Biologique Int\u00e9gr\u00e9e (PBI) et non plus l\u2019application de pesticides, ce qui se traduit par des soins r\u00e9guliers et attentifs, et des techniques ad\u00e9quates, telles des plaques jaunes englu\u00e9es (contre la mouche blanche) et des auxiliaires en sachets (diff\u00e9rents selon les ravageurs).<br \/>Deux curiosit\u00e9s : des p\u00e9largoniums odorants si on en frotte les feuilles, et pr\u00e9sentant de nombreuses fragrances (menthe, m\u00e9lisse, orange, pomme-calva, eucalyptus, t\u00e9r\u00e9benthine, \u2026). Et les x\u00e9rophytes qui sont des Pelargonium secs et ligneux, adapt\u00e9s aux r\u00e9gions arides, peu florif\u00e8res, qui vivent lorsque la pluie arrive.<\/p>\n<figure id=\"attachment_960\" aria-describedby=\"caption-attachment-960\" style=\"width: 257px\" class=\"wp-caption aligncenter\"><a href=\"https:\/\/old.horticulture18.fr\/wp-content\/uploads\/2015\/06\/DSC00966.jpg\"><img loading=\"lazy\" decoding=\"async\" class=\"wp-image-960 \" src=\"https:\/\/old.horticulture18.fr\/wp-content\/uploads\/2015\/06\/DSC00966-300x200.jpg\" alt=\"DSC00966\" width=\"257\" height=\"171\" srcset=\"https:\/\/old.horticulture18.fr\/wp-content\/uploads\/2015\/06\/DSC00966-300x200.jpg 300w, https:\/\/old.horticulture18.fr\/wp-content\/uploads\/2015\/06\/DSC00966-1024x682.jpg 1024w\" sizes=\"(max-width: 257px) 100vw, 257px\" \/><\/a><figcaption id=\"caption-attachment-960\" class=\"wp-caption-text\"><strong>Quelques x\u00e9rophytes.<\/strong><\/figcaption><\/figure>\n<p>Pour faire une visite hors Portes Ouvertes : contacter le service des Espaces Verts \u00e0 la Mairie (environ un mois avant) ; pr\u00e9voir la meilleure p\u00e9riode : mai-juin.<\/p>\n<p style=\"text-align: center;\">******************************************<\/p>\n<h3 style=\"text-align: center;\"><strong>La\u00a0 SNHF\u00a0 \u00a0 \u00a0<img loading=\"lazy\" decoding=\"async\" class=\"\" src=\"https:\/\/old.horticulture18.fr\/wp-content\/uploads\/2019\/02\/SNHFQUAD-150x150.jpg\" width=\"77\" height=\"77\" \/><\/strong><\/h3>\n<table width=\"600\">\n<tbody>\n<tr>\n<td width=\"600\">\n<table width=\"100%\">\n<tbody>\n<tr>\n<td>\n<p>La SHC est affili\u00e9e \u00e0 la Soci\u00e9t\u00e9 Nationale d&rsquo;Horticulture de France (SNHF) qui regroupe toutes les soci\u00e9t\u00e9s d&rsquo;horticulture de France. www.snhf.org\u00a0 \u00a0 \u00a0 \u00a0 \u00a0 \u00a0 \u00a0Mail : info@snhf.org<\/p>\n<p><img loading=\"lazy\" decoding=\"async\" class=\"alignleft\" src=\"https:\/\/old.horticulture18.fr\/wp-content\/uploads\/2019\/02\/Jardins-de-France-150x150.jpg\" width=\"149\" height=\"149\" \/><\/p>\n<p>\u00a0<\/p>\n<p>La\u00a0 SNHF publie r\u00e9guli\u00e8rement une revue remarquable \u00ab\u00a0Jardins de France\u00a0\u00bb. www.jardinsdefrance.org<\/p>\n<p>\u00a0<\/p>\n<\/td>\n<\/tr>\n<\/tbody>\n<\/table>\n<\/td>\n<\/tr>\n<tr>\n<td width=\"600\">\n<table width=\"100%\">\n<tbody>\n<tr>\n<td width=\"100%\">\u00a0<\/td>\n<\/tr>\n<\/tbody>\n<\/table>\n<p>\u00a0<\/p>\n<\/td>\n<\/tr>\n<\/tbody>\n<\/table>\n\n\n<p class=\"has-medium-font-size\"><strong>    L&rsquo;Association R\u00e9gionale de Fleurissement et      d&rsquo;Embellissement des Communes (ARF-Centre)<\/strong><\/p>\n\n\n\n<ul class=\"wp-block-gallery aligncenter columns-1 is-cropped wp-block-gallery-1 is-layout-flex wp-block-gallery-is-layout-flex\"><li class=\"blocks-gallery-item\"><figure><img decoding=\"async\" src=\"https:\/\/old.horticulture18.fr\/wp-content\/uploads\/2019\/03\/AREF-centre-.jpg\" alt=\"\" data-id=\"1943\" class=\"wp-image-1943\"\/><\/figure><\/li><\/ul>\n\n\n\n<p>L&rsquo;ARF-Centre est mandat\u00e9e par le Conseil R\u00e9gional pour organiser le jury r\u00e9gional de fleurissement. Ce jury visite les communes de notre r\u00e9gion durant la derni\u00e8re semaine du mois d&rsquo;ao\u00fbt. Il est constitu\u00e9 de b\u00e9n\u00e9voles issus du monde horticole (techniciens de villes, horticulteurs-producteurs, \u00e9lus, etc<\/p>\n\n\n\n<figure class=\"wp-block-image\"><img decoding=\"async\" src=\"https:\/\/old.horticulture18.fr\/wp-content\/uploads\/2019\/03\/redimensionn\u00e9e-1024x768.jpg\" alt=\"\" class=\"wp-image-1945\"\/><figcaption><strong>Une \u00e9quipe du jury r\u00e9gional de fleurissement<\/strong><\/figcaption><\/figure>\n\n\n\n<p>Le jury r\u00e9gional attribue les 1\u00e8re, 2\u00e8me et 3\u00e8me fleur pour le palmar\u00e8s r\u00e9gional\/ La 4\u00e8me fleur est attribu\u00e9e par un jury national.<\/p>\n\n\n\n<p><strong>Dans le d\u00e9partement du Cher, deux villes sont class\u00e9es 4 fleurs : Aubigny sur N\u00e8re et Bourges.<\/strong><\/p>\n\n\n\n<p>Trois villes sont class\u00e9es 3 fleurs : Belleville sur Loire, M\u00e9reau et St Amand-Montrond.<\/p>\n\n\n\n<p>20 villes sont class\u00e9es 2 fleurs et 31 sont class\u00e9es 1 fleur.<\/p>\n","protected":false},"excerpt":{"rendered":"<p>\u00a0 Le Conservatoire national du P\u00e9largonium Collection dans les serres de la ville de Bourges de 850 vari\u00e9t\u00e9s de Pelargoniums (de la m\u00eame famille que les g\u00e9raniums), y compris des Pelargoniums odorants. Tout cela g\u00e9r\u00e9 par\u00a0les agents de la ville de Bourges.www.bourges-tourisme.com Dans les trois serres, on trouve les cultivars (plantes hybrides), tr\u00e8s florif\u00e8res et &hellip; <a href=\"https:\/\/old.horticulture18.fr\/?page_id=125\" class=\"more-link\">Continuer la lecture de <span class=\"screen-reader-text\">Chez nos amis et partenaires<\/span>  <span class=\"meta-nav\">&rarr;<\/span><\/a><\/p>\n","protected":false},"author":1,"featured_media":0,"parent":15,"menu_order":7,"comment_status":"closed","ping_status":"closed","template":"","meta":{"footnotes":""},"_links":{"self":[{"href":"https:\/\/old.horticulture18.fr\/index.php?rest_route=\/wp\/v2\/pages\/125"}],"collection":[{"href":"https:\/\/old.horticulture18.fr\/index.php?rest_route=\/wp\/v2\/pages"}],"about":[{"href":"https:\/\/old.horticulture18.fr\/index.php?rest_route=\/wp\/v2\/types\/page"}],"author":[{"embeddable":true,"href":"https:\/\/old.horticulture18.fr\/index.php?rest_route=\/wp\/v2\/users\/1"}],"replies":[{"embeddable":true,"href":"https:\/\/old.horticulture18.fr\/index.php?rest_route=%2Fwp%2Fv2%2Fcomments&post=125"}],"version-history":[{"count":0,"href":"https:\/\/old.horticulture18.fr\/index.php?rest_route=\/wp\/v2\/pages\/125\/revisions"}],"up":[{"embeddable":true,"href":"https:\/\/old.horticulture18.fr\/index.php?rest_route=\/wp\/v2\/pages\/15"}],"wp:attachment":[{"href":"https:\/\/old.horticulture18.fr\/index.php?rest_route=%2Fwp%2Fv2%2Fmedia&parent=125"}],"curies":[{"name":"wp","href":"https:\/\/api.w.org\/{rel}","templated":true}]}}