{"id":15,"date":"2022-01-31T15:30:38","date_gmt":"2022-01-31T15:30:38","guid":{"rendered":"https:\/\/old.horticulture18.fr\/?page_id=15"},"modified":"2023-11-15T10:40:27","modified_gmt":"2023-11-15T10:40:27","slug":"prochaines-manifestations","status":"publish","type":"page","link":"https:\/\/old.horticulture18.fr\/?page_id=15","title":{"rendered":"Le calendrier 2023"},"content":{"rendered":"\n<p class=\"has-text-align-center has-text-color has-large-font-size\" style=\"color:#08a300\"> <strong>Programme de la Soci\u00e9t\u00e9 d\u2019Horticulture du Cher 2023<\/strong><\/p>\n\n\n\n<p class=\"has-large-font-size\"> <strong><em>Les Ateliers autour du jardin <\/em><\/strong><\/p>\n\n\n\n<p>Samedi 18 mars de 9H \u00e0 13H &#8211; Distribution Terreau aux Serres Municipales de la Ville de Bourges <\/p>\n\n\n\n<p>Samedi 25 mars de 10H \u00e0 12H &#8211; Greffage des arbres fruitiers dans les marais de Bourges<\/p>\n\n\n\n<p> Samedi 01 avril de 14H \u00e0 16H &#8211; Fleuristerie aux Serres Municipales de la Ville de Bourges <\/p>\n\n\n\n<p>Jeudi 13 avril de 10H \u00e0 12H \u2013 Les Floriades de l\u2019Arnon \u00e0 Lury-sur-Arnon<\/p>\n\n\n\n<p> Samedi 06 mai de 14H \u00e0 16H \u2013 Multiplication des vivaces aux serres municipales de la ville de Bourges<\/p>\n\n\n\n<p> Jeudi 01 juin de 10H \u00e0 12H \u2013 Le monde des abeilles dans un rucher \u00e0 Trouy <\/p>\n\n\n\n<p>Jeudi 06 juillet de 10H \u00e0 12H \u2013 Taille des arbres fruitiers en vert dans les marais de Bourges <\/p>\n\n\n\n<p class=\"has-text-align-center has-text-color has-medium-font-size\" style=\"color:#a31400\"><strong>ATELIER REPORTE EN 2024<\/strong><\/p>\n\n\n\n<p>Jeudi 28 septembre de 10H \u00e0 11H30 \u2013Sortie mycologique en for\u00eat d\u2019Allogny <\/p>\n\n\n\n<p>Samedi 07 octobre de 14H \u00e0 16H30 \u2013 Initiation \u00e0 la vannerie \u00e0 Morogues <\/p>\n\n\n\n<p>Samedi 25 novembre de 14H \u00e0 16H \u2013 Technique de plantation d\u2019\u2019un arbre aux serres municipales de la ville de Bourges <\/p>\n\n\n\n<p>Samedi 16 d\u00e9cembre de 14H \u00e0 16H &#8211; Fleuristerie aux Serres Municipales de la Ville de Bourges  <\/p>\n\n\n\n<p class=\"has-text-align-center has-large-font-size\"><strong><em>Les  manifestations <\/em><\/strong><\/p>\n\n\n\n<p>Samedi 13 mai &#8211; F\u00eate de l\u2019\u00c9cologie \u00e0 Bourges <\/p>\n\n\n\n<p>Dimanche 10 septembre \u2013 F\u00eate des Associations \u00e0 Bourges  <\/p>\n\n\n\n<p class=\"has-text-align-center has-large-font-size\"> <strong><em>Les conf\u00e9rences au Mus\u00e9um de la Ville de Bourges <\/em><\/strong><\/p>\n\n\n\n<p>Jeudi 23 f\u00e9vrier \u00e0 18H\u2013Les vivaces : d\u00e9marche pour r\u00e9ussir vos massifs <\/p>\n\n\n\n<p>Jeudi 09 mars \u00e0 18H \u2013La permaculture ou le jardin au naturel <\/p>\n\n\n\n<p>Jeudi 05 octobre \u00e0 18H- Arbres, arbustes, couvres sol dans les petits espaces<\/p>\n\n\n\n<p class=\"has-text-align-center\">  La production des tulipes en Hollande <\/p>\n\n\n\n<p class=\"has-text-align-center has-text-color has-medium-font-size\" style=\"color:#a30000\"><strong>Attention: Cette conf\u00e9rence pr\u00e9vue initialement le 16\/11\/2023 est report\u00e9e au 07\/12\/2023 <\/strong><\/p>\n\n\n\n<p class=\"has-text-align-center has-large-font-size\"><strong><em>Les sorties\/voyages <\/em><\/strong><\/p>\n\n\n\n<p> Jeudi 11 mai \u2013 Les jardins en Touraine Jardins du ch\u00e2teau de Villandry- jardins botaniques de Tours Tarif repas compris adh\u00e9rents : 83 \u20ac\u2013 avec d\u00e9jeuner libre 54\u2019\u20ac <\/p>\n\n\n\n<p>Mercredi 24 mai \u2013 La Touraine sous terre Ch\u00e2teau de Rivau, champignonni\u00e8re et cave de Monmousseau Tarif repas compris adh\u00e9rents 91 \u20ac\u2013 avec d\u00e9jeuner libre : 72 \u20ac <\/p>\n\n\n\n<p>Vendredi 16 juin-Escapade en r\u00e9gion Clermontoise Jardins de la Croze \u00e0 Billom, la rose des prairies \u00e0 Charbonni\u00e8res les varennes Tarif repas compris adh\u00e9rents : 97 \u20ac\u2013 avec d\u00e9jeuner libre : 67 \u20ac <\/p>\n\n\n\n<p>Vendredi 15 et samedi 16 septembre : S\u00e9jour en P\u00e9rigord Collonges la rouge, Sarlat, jardins de Marqueyssac, Benac, Eyrignac Transport, restauration h\u00f4tel inclus Tarifs adh\u00e9rents : 235\u20ac <\/p>\n\n\n\n<p class=\"has-text-align-center has-large-font-size\"><strong><em>Programme de la SHC 2022<\/em><\/strong><\/p>\n\n\n\n<p class=\"has-medium-font-size\"><em><strong>Les Ateliers autour du jardin<\/strong><\/em><\/p>\n\n\n\n<p><em>Samedi\n26 f\u00e9vrier de 10H \u00e0 12H &#8211; <strong>Taille arbres fruitiers<\/strong> dans les Marais\nde Bourges <\/em><\/p>\n\n\n\n<p><em>Samedi 19&nbsp;\nmars de 9H \u00e0 13H&nbsp; &#8211; <strong>Distribution Terreau<\/strong> aux Serres\nMunicipales de la Ville de Bourges <\/em><\/p>\n\n\n\n<p><em>Samedi\n26 mars de 14H \u00e0 16H &#8211; <strong>Fleuristerie<\/strong>\naux Serres Municipales de la Ville de Bourges <\/em><\/p>\n\n\n\n<p><em>Samedi 09 avril de 14H \u00e0 16H &#8211; <strong>Jardini\u00e8res et Balconni\u00e8res <\/strong>aux Serres\nMunicipales&nbsp; de la Ville de Bourges <\/em><\/p>\n\n\n\n<p><em>Jeudi 14 avrilde 10H \u00e0 12H<strong> \u2013 Les Floriades de l\u2019Arnon <\/strong>\u00e0 Lury-sur-Arnon<\/em><\/p>\n\n\n\n<p class=\"has-text-align-center has-white-background-color has-text-color has-background\" style=\"color:#a30014\"><strong><em>Visite \u00a0\u00bb Les floriades de l&rsquo;Arnon\u00a0\u00bb report\u00e9e \u00e0 une date ulterieure <\/em><\/strong><\/p>\n\n\n\n<p><em>&nbsp;<\/em><em>Jeudi&nbsp; 19 mai de 10H \u00e0 11H30 &#8211; <strong>Flore m\u00e9dicinale\net comestible<\/strong> dans les Marais de Bourges <\/em><strong><em><\/em><\/strong><\/p>\n\n\n\n<p><strong><em>&nbsp;<\/em><\/strong><em>Jeudi 16 juin de 10H \u00e0 12H \u2013 <strong>A la d\u00e9couverte de la Spiruline<\/strong>\n\u00e0 Vornay <\/em><em><\/em><\/p>\n\n\n\n<p><em>&nbsp;<\/em><em>Jeudi\n08 septembre &nbsp;de 10H \u00e0 11H30\u2013<strong> Flore en\nmilieu Aquatique<\/strong> dans les Marais de&nbsp;&nbsp;&nbsp;\nBourges <\/em><\/p>\n\n\n\n<p><em>Samedi 15 octobre de 14H \u00e0 16H00 \u2013&nbsp; <strong>Plantes vertes et d&rsquo;int\u00e9rieur<\/strong> aux Serres Municipales de la Ville de Bourges&nbsp; <\/em><\/p>\n\n\n\n<p><em>Samedi 10 d\u00e9cembre de 14H \u00e0 16H &#8211; <strong>Fleuristerie<\/strong> aux Serres Municipales de la Ville de Bourges <\/em><\/p>\n\n\n\n<p class=\"has-medium-font-size\"><em><strong>Manifestations<\/strong><\/em><\/p>\n\n\n\n<p><em>Samedi 14 mai<strong> &#8211; F\u00eate de l\u2019Ecologie<\/strong> \u00e0 Bourges <\/em><\/p>\n\n\n\n<p><em>Dimanche 11 septembre \u2013 <strong>F\u00eate des Associations <\/strong>\u00e0 Bourges <\/em><\/p>\n\n\n\n<p class=\"has-medium-font-size\"><strong><em>Les\nconf\u00e9rences&nbsp; au Mus\u00e9um de&nbsp; la Ville de Bourges<\/em><\/strong><strong><em><\/em><\/strong><\/p>\n\n\n\n<p><em>Jeudi\n17 fevrier \u00e0 18H\u2013 <strong>Secheresse et\nv\u00e9g\u00e9talisation<\/strong> <\/em><\/p>\n\n\n\n<p><em>Jeudi\n10 mars \u00e0 18H \u2013 <strong>Insectes et animaux&nbsp;\nutiles au jardin<\/strong> <\/em><\/p>\n\n\n\n<p><em>Jeudi 27 octobre \u00e0 18H- <strong>Les marais de Bourges<\/strong><\/em><\/p>\n\n\n\n<p><em>Jeudi\n17 novembre \u00e0 18H \u2013 <strong>Le terreau et ses origines<\/strong> <\/em><\/p>\n\n\n\n<p class=\"has-medium-font-size\"><strong><em>Les Voyages <\/em><\/strong><strong><em><\/em><\/strong><\/p>\n\n\n\n<p><strong><em>Vendredi\n29&nbsp; avril \u2013&nbsp; En pays Senonais<\/em><\/strong><em><\/em><\/p>\n\n\n\n<p><em>Sens&nbsp;:\nSerres Tropicales, Cath\u00e9drale Parc du Moulin \u00e0 Tan<\/em><\/p>\n\n\n\n<p><em>Tarif\nrepas compris adh\u00e9rents&nbsp;: 70 \u20ac\u2013 Non adh\u00e9rents&nbsp;: 86 \u20ac<\/em><\/p>\n\n\n\n<p><strong><em>Vendredi\n24 juin :<\/em><\/strong><em> <strong>Escapade en Boischaut et Allier<\/strong><\/em><\/p>\n\n\n\n<p><em>Visite\nPrieur\u00e9 d\u2019Orsan \u2013 Vallon-en-Sully&nbsp;: Ch\u00e2teau jardin roseraie Peufeillhoux<\/em><\/p>\n\n\n\n<p><em>Tarif\nrepas compris adh\u00e9rents&nbsp;55 \u20ac\u2013 Non adh\u00e9rents&nbsp;:&nbsp; 71 \u20ac<\/em><\/p>\n\n\n\n<p><em>Tarif\navec pique-nique&nbsp;apport\u00e9: adh\u00e9rents&nbsp;\n41 \u20ac- Non adh\u00e9rents&nbsp;:&nbsp; 57 \u20ac<\/em><\/p>\n\n\n\n<p><strong><em>Lundi 29 ao\u00fbt&nbsp;: F\u00eate de la Saint\nFiacre \u00e0 Orl\u00e9ans <\/em><\/strong><em><\/em><\/p>\n\n\n\n<p><em>Ev\u00e9nement\nfloral \u00e0 l\u2019\u00c9glise St Marceau <\/em><\/p>\n\n\n\n<p><em>Visite\nguid\u00e9e du Jardin des plantes d&rsquo;Orl\u00e9ans&nbsp;\net du Parc de la Source<\/em><\/p>\n\n\n\n<p><em>Tarif\nrepas compris adh\u00e9rents&nbsp;: 51 \u20ac\u2013 Non adh\u00e9rents&nbsp;:&nbsp; 67 \u20ac<\/em><\/p>\n\n\n\n<p><strong><em>Vendredi\n9 et Samedi 10 septembre :&nbsp; <\/em><\/strong><em>&nbsp;<strong>Week-End en Beauvaisis<\/strong><\/em><\/p>\n\n\n\n<p><em>Gerberoy&nbsp;:\nJardin Henri Sidaner, Troissereux&nbsp;: Ch\u00e2teau et parc <\/em><\/p>\n\n\n\n<p><em>Beauvais&nbsp;:\nCath\u00e9drale Saint Pierre Saint Paul,&nbsp;\nJardin Van Beek<\/em><\/p>\n\n\n\n<p><em>Transport,\nrestauration h\u00f4tel inclus<\/em><\/p>\n\n\n\n<p><em>Tarif\nadh\u00e9rents : 185 \u20ac- Non adh\u00e9rents : 220 \u20ac<\/em><\/p>\n\n\n\n<p>Pour toute information concernant les\nvoyages <\/p>\n\n\n\n<p>Contact Ren\u00e9 Bardiot : 02 48 50 45 68<\/p>\n\n\n\n<p><\/p>\n\n\n\n<p><\/p>\n\n\n<h2 style=\"text-align: center;\"><span style=\"color: #993300;\"><strong>Calendrier<\/strong> des ateliers et autres \u00e9v\u00e9nements 2021<\/span><\/h2>\n<h5><strong><span style=\"text-decoration: underline;\">F\u00e9vrier&nbsp; 2021<\/span><\/strong><\/h5>\n<p><span style=\"color: #ff0000;\">*** <strong>Samedi 27 f\u00e9vrier : <span style=\"color: #000000;\">Taille des arbres&nbsp; fruitiers par J C Pallot&nbsp;&nbsp;<\/span><\/strong><\/span><span style=\"color: #ff0000;\"><span style=\"color: #000000;\"> de 10h \u00e0 12h dans les marais de Bourges&nbsp;<\/span><strong><br \/><\/strong><\/span><\/p>\n<h5><strong>Mars 2021<\/strong><\/h5>\n<p><strong><span style=\"color: #ff0000;\">***Jeudi 11 Mars&nbsp; :<\/span><\/strong> <strong>Conf\u00e9rence&nbsp; \u00ab\u00a0Ils sont fous ces Romains\u00a0\u00bb&nbsp; &nbsp;par Roland Marie<\/strong><strong> Marceron a<\/strong>u Mus\u00e9um de Bourges \u00e0 18 h.<\/p>\n<h5>&nbsp; &nbsp; <span style=\"color: #ff0000;\">CONFERENCE REPORTEE LE 16 SEPTEMBRE 2021&nbsp;<\/span><\/h5>\n<p><strong><span style=\"color: #ff0000;\">*** <\/span><span style=\"color: #ff0000;\">Samedi 20&nbsp; Mars :<\/span> Mise \u00e0 disposition sacs de TERREAU&nbsp; <span style=\"color: #000000;\">suite op\u00e9ration \u00ab\u00a0Achat group\u00e9 \u00a0\u00bb <\/span><\/strong><span style=\"color: #000000;\">&nbsp;de 9h \u00e0 12h et 14h \u00e0 16h&nbsp; , aux serres municipales Ville de BOURGES , avec les membres du bureau<\/span><\/p>\n<p><span style=\"color: #ff0000;\">*** <span style=\"text-decoration: underline;\"><strong>Samedi 27 Mars :<\/strong><\/span><\/span><span style=\"color: #000000;\"><span style=\"color: #ff0000;\">&nbsp;<\/span> <strong>D\u00e9monstration d&rsquo;art Floral&nbsp; par J C Pallot <\/strong>de 14h \u00e0 16h . Aux serres municipales Ville de BOURGES.<\/span><\/p>\n<h5 style=\"text-align: center;\"><strong><span style=\"color: #ff0000;\">ATELIER REPORTE&nbsp;<\/span><\/strong><\/h5>\n<h5><strong>Avril 2021<\/strong><\/h5>\n<p><strong><span style=\"color: #ff0000;\">***Jeudi 08 Avril&nbsp; &nbsp;:<\/span><\/strong> <b>Conf\u00e9rence&nbsp; \u00ab\u00a0S\u00e8cheresse et v\u00e9g\u00e9talisation\u00a0\u00bb&nbsp; &nbsp; par P Lescot <\/b>au Mus\u00e9um de Bourges \u00e0 18 h.<\/p>\n<h5 style=\"text-align: center;\"><span style=\"color: #ff0000;\">CONFERENCE REPORTEE<\/span><\/h5>\n<p><span style=\"color: #ff0000;\">*** <\/span><strong><span style=\"color: #ff0000;\">Samedi 10 Avril :<span style=\"color: #000000;\"> Cr\u00e9ation Jardini\u00e8res et balconni\u00e8res par L Bailleul <\/span><\/span><\/strong><span style=\"color: #ff0000;\"><span style=\"color: #000000;\">&nbsp;de 14h \u00e0 16 h ( pour un fleurissement estival) Aux serres municipales Ville de BOURGES .<\/span><\/span><\/p>\n<h5 style=\"text-align: center;\"><span style=\"color: #ff0000;\">ATELIER REPORTE&nbsp;<\/span><\/h5>\n<p><strong><span style=\"color: #ff0000;\">***Jeudi 15 Avril&nbsp; &nbsp;: <span style=\"color: #333333;\">Visite chez un Horticulteur \u00a0\u00bb Aux Floriades de l&rsquo;Arnon\u00a0\u00bb \u00e0 Lury Sur Arnon avec&nbsp; Lescot de 10h \u00e0 12 h&nbsp;<\/span><\/span><\/strong><b><\/b><\/p>\n<h5 style=\"text-align: center;\"><span style=\"color: #ff0000;\">ATELIER REPORTE<\/span><\/h5>\n<p><span style=\"color: #ff0000;\"><strong>***Samedi 24 avril<\/strong><\/span> : <b>Voyage en pays S\u00e9nonais .&nbsp;<\/b><\/p>\n<h5 style=\"text-align: center;\">&nbsp; &nbsp; &nbsp; &nbsp; &nbsp; &nbsp; <strong>&nbsp;<span style=\"color: #ff0000;\">SORTIE REPORTEE&nbsp; &nbsp; &nbsp;<\/span><\/strong><span style=\"color: #ff0000;\"> &nbsp; &nbsp; &nbsp; &nbsp;&nbsp;<\/span><\/h5>\n<h5><strong>Mai 2021<\/strong><\/h5>\n<p><span style=\"color: #ff0000;\">*** <strong>Mercredi<\/strong><\/span><strong><span style=\"color: #ff0000;\"> 19 mai : <span style=\"color: #000000;\">Flore m\u00e9dicinale et comestible par P lescot et F Th\u00e9linge <\/span><\/span><\/strong><span style=\"color: #ff0000;\"><span style=\"color: #000000;\">de 10h \u00e0 11h30&nbsp; .Marais de Bourges<\/span><\/span><\/p>\n<h5 style=\"text-align: center;\"><span style=\"color: #ff0000;\">ATELIER REPORTE<\/span><\/h5>\n<p><span style=\"color: #ff0000;\">***V<strong>endredi 21 et samedi 22&nbsp; mai<\/strong><\/span> :&nbsp; <strong>&nbsp;Week-End en Beauvaisis .<\/strong><\/p>\n<h5>&nbsp; &nbsp; &nbsp; &nbsp; &nbsp; &nbsp; &nbsp; &nbsp; &nbsp; &nbsp; &nbsp; &nbsp; &nbsp; &nbsp; &nbsp; &nbsp; &nbsp; &nbsp; &nbsp; &nbsp; <strong>&nbsp;<span style=\"color: #ff0000;\">SORTIE REPORTEE au 03 et 04&nbsp; &nbsp; &nbsp; &nbsp; &nbsp; &nbsp; &nbsp; &nbsp; &nbsp; &nbsp; &nbsp; &nbsp; &nbsp; &nbsp; &nbsp; &nbsp; &nbsp; &nbsp; &nbsp; &nbsp; &nbsp; &nbsp; &nbsp; &nbsp; &nbsp; &nbsp; &nbsp; &nbsp; &nbsp; &nbsp; &nbsp; &nbsp; &nbsp; &nbsp; &nbsp; &nbsp; &nbsp; SEPTEMBRE 2021&nbsp;<\/span><\/strong><\/h5>\n<p><span style=\"color: #ff0000;\"><strong>***Samedi 29 mai :<\/strong><\/span> <strong>F\u00eate de l&rsquo;\u00e9cologie avec RM Marceron et J C Pallot . <\/strong>Au Jardin de l&rsquo;Archev\u00each\u00e9 \u00e0 Bourges<\/p>\n<h5 style=\"text-align: center;\">&nbsp; <span style=\"color: #ff0000;\">MANIFESTATION REPORTEE&nbsp;<\/span><\/h5>\n<h5 style=\"text-align: left;\"><strong>Juin 2021<\/strong><\/h5>\n<p><span style=\"color: #ff0000;\"><strong>***Vendredi 11 juin : <\/strong><\/span>&nbsp;:&nbsp; <strong>Flore des milieux aquatiques avec P Lescot et F Th\u00e9linge <\/strong>de 10h \u00e0 11h30<strong>&nbsp; . <\/strong>Marais de Bourges et d\u00e9jeuner au restaurant<\/p>\n<h5 style=\"text-align: center;\"><span style=\"color: #ff0000;\">MANIFESTATION REPORTEE&nbsp;<\/span><\/h5>\n<p><span style=\"color: #ff0000;\"><strong>*** Samedi 18&nbsp; &nbsp;juin :&nbsp; <span style=\"color: #333333;\">Escapade<\/span><span style=\"color: #000000;\">&nbsp;en Boischault et Allier<\/span><\/strong><\/span><\/p>\n<h5>&nbsp; &nbsp; &nbsp; &nbsp; &nbsp; &nbsp; &nbsp; &nbsp; &nbsp; &nbsp; &nbsp; &nbsp; &nbsp; &nbsp; &nbsp; &nbsp; &nbsp; &nbsp; &nbsp; &nbsp; &nbsp; <strong>&nbsp; <span style=\"color: #ff0000;\">SORTIE REPORTEE<\/span><\/strong><\/h5>\n<h5><strong>Septembre 2021<\/strong><\/h5>\n<p><span style=\"color: #ff0000;\">***<\/span><strong><span style=\"color: #ff0000;\">Dimanche 12 septembre :<\/span><\/strong> <strong>Forum des Associations avec R Bardiot , adh\u00e9rents Au Parc St Paul \u00e0 Bourges<\/strong><\/p>\n<h5><strong>Octobre 2021&nbsp;<\/strong><\/h5>\n<p><span style=\"color: #ff0000;\"><strong>***Samedi&nbsp; 9 octobre<\/strong> <\/span>: &nbsp;<strong>Journ\u00e9e en pays Bourbonnais<\/strong><\/p>\n<p><span style=\"color: #ff0000;\"><strong>***Samedi&nbsp; 16 octobre<\/strong> <\/span>: La soci\u00e9t\u00e9 pomologique du Berry se d\u00e9guste avec <strong>JC Pallot<\/strong> , <strong>Guy Barbeau<\/strong> aux serres de la ville de Bourges de 14h \u00e0 16 h<\/p>\n<h5><strong>Novembre 2021<\/strong><\/h5>\n<p><strong><span style=\"color: #ff0000;\">***Jeudi 25<\/span><span style=\"color: #ff0000;\">&nbsp;novembre :<\/span> Conf\u00e9rence \u00ab\u00a0Les Marais de Bourges&nbsp; \u00ab\u00a0par Michel MELIN&nbsp; a<\/strong>u Mus\u00e9um de Bourges \u00e0 18 h.<\/p>\n<h5 style=\"text-align: center;\"><span style=\"color: #ff0000;\">CONFERENCE REPORTEE<\/span><\/h5>\n<h4><strong><span style=\"color: #ff0000;\">&nbsp; &nbsp; &nbsp; &nbsp; &nbsp; &nbsp; &nbsp; &nbsp; &nbsp; &nbsp; &nbsp; &nbsp; &nbsp; &nbsp; &nbsp; &nbsp; &nbsp; &nbsp; &nbsp; &nbsp; &nbsp;<\/span><\/strong><\/h4>\n<h4><strong>D\u00e9cembre &nbsp; 2021<\/strong><\/h4>\n<p><strong><span style=\"color: #ff0000;\">***Vendredi 17 D\u00e9cembre : <span style=\"color: #333333;\">Assembl\u00e9e g\u00e9n\u00e9rale de la SHC , <\/span><\/span><\/strong><span style=\"color: #ff0000;\"><span style=\"color: #333333;\">salle de le Chancellerie \u00e0 BOURGES..<\/span><\/span><\/p>\n<p><span style=\"color: #ff0000;\">*** <strong>Samedi 18 D\u00e9cembre : <span style=\"color: #000000;\">D\u00e9monstration d&rsquo;art Floral <\/span><\/strong><span style=\"color: #000000;\">avec <\/span><strong><span style=\"color: #000000;\">JC Pallot <\/span><\/strong><span style=\"color: #000000;\">de 14h \u00e0 16h aux serres municipales Ville de BOURGES&nbsp;<\/span><\/span><\/p>\n<h4><strong><span style=\"color: #ff0000;\">&nbsp; &nbsp; &nbsp; &nbsp; &nbsp; &nbsp; &nbsp; &nbsp; &nbsp; &nbsp; &nbsp; &nbsp; &nbsp; &nbsp; &nbsp; &nbsp; &nbsp; &nbsp; &nbsp; &nbsp; &nbsp; &nbsp; &nbsp; &nbsp; &nbsp; &nbsp;&nbsp;<\/span><\/strong><span style=\"color: #008000;\">***********************************************************************<\/span><\/h4>\n<p>Pour les renseignements compl\u00e9mentaires, \u00e9crivez nous sur le site \u00ab\u00a0horticher@gmail.com\u00a0\u00bb .<\/p>\n<p><span style=\"color: #008000;\">**************************************************************************<\/span><\/p>\n<h1 style=\"text-align: center;\"><em><strong><span style=\"color: #000080;\">LES VOYAGES&nbsp; DECOUVERTE&nbsp;&nbsp; 2021<\/span><\/strong><\/em><\/h1>\n<p style=\"text-align: center;\"><a href=\"https:\/\/old.horticulture18.fr\/wp-content\/uploads\/2015\/05\/Bus.jpg\"><img loading=\"lazy\" decoding=\"async\" class=\"alignnone size-full wp-image-1437\" src=\"https:\/\/old.horticulture18.fr\/wp-content\/uploads\/2015\/05\/Bus.jpg\" alt=\"Bus\" width=\"282\" height=\"179\"><\/a><\/p>\n<h1 style=\"text-align: center;\"><span style=\"text-decoration: underline; color: #800000;\"><strong><span style=\"color: #333333; text-decoration: underline;\">PR\u00c9VUS CETTE ANNEE<\/span><br \/><\/strong><\/span><\/h1>\n<h2 style=\"text-align: center;\">&nbsp;<span style=\"color: #0000ff;\"> Samedi 24 avril : Journ\u00e9e en pays S\u00e9nonais<\/span><\/h2>\n<p style=\"text-align: center;\">Egreville : Jardin Bourdelle -Sens :Serres Tropicales et Cath\u00e9drale Parc du moulin de Tan&nbsp; &nbsp; &nbsp; &nbsp; &nbsp; &nbsp; &nbsp; &nbsp; &nbsp; &nbsp; &nbsp; &nbsp; &nbsp; &nbsp; &nbsp; &nbsp; &nbsp; &nbsp; &nbsp; &nbsp; &nbsp; &nbsp; &nbsp; &nbsp; &nbsp; &nbsp; &nbsp; &nbsp; &nbsp; &nbsp; &nbsp; &nbsp; &nbsp; &nbsp; &nbsp; &nbsp; &nbsp; &nbsp; &nbsp; &nbsp; &nbsp; &nbsp; &nbsp; &nbsp; &nbsp; &nbsp; &nbsp; &nbsp; &nbsp; &nbsp; &nbsp; &nbsp; Tarif repas compris adh\u00e9rent :80\u20ac &#8211; non adh\u00e9rent 96\u20ac&nbsp; &nbsp; &nbsp; &nbsp; &nbsp; &nbsp; &nbsp; &nbsp; &nbsp; &nbsp; &nbsp; &nbsp; &nbsp; &nbsp; &nbsp; &nbsp; &nbsp; Tarif avec pique nique adh\u00e8rent: 60\u20ac &#8211; non adh\u00e9rent 76\u20ac<\/p>\n<h5 style=\"text-align: center;\"><span style=\"color: #ff0000;\">&nbsp; &nbsp;<\/span><\/h5>\n<h2 style=\"text-align: center;\"><span style=\"color: #0000ff;\"> <strong>Vendredi 21 , samedi 22 mai : La&nbsp; Beauvaisis<\/strong><\/span><\/h2>\n<h5 style=\"text-align: center;\"><span style=\"color: #ff0000;\">JO<strong>URNEE REPORTEE AU 03 ET 04 SEPTEMBRE 2021&nbsp;<\/strong><\/span><\/h5>\n<p style=\"text-align: center;\">Gerberoy : Jardin Henri Sidaner . Troissereux : Chateau et Parc&nbsp; &nbsp; &nbsp; &nbsp; &nbsp; &nbsp; &nbsp; Beauvais : Cath\u00e9drale St Pierre&nbsp; &nbsp; &nbsp; &nbsp; &nbsp; &nbsp; &nbsp; &nbsp; &nbsp; &nbsp; &nbsp; &nbsp; &nbsp; &nbsp; &nbsp; &nbsp; &nbsp; &nbsp; &nbsp; &nbsp; &nbsp; &nbsp; &nbsp; &nbsp; &nbsp; &nbsp; &nbsp; &nbsp; &nbsp; &nbsp; &nbsp; &nbsp; &nbsp; &nbsp; &nbsp; &nbsp; &nbsp; &nbsp; &nbsp; &nbsp; &nbsp; &nbsp; Saint Paul : Jardin Van Beek&nbsp; &nbsp; &nbsp; &nbsp; &nbsp; &nbsp; &nbsp; &nbsp; &nbsp; &nbsp; &nbsp; &nbsp; &nbsp; &nbsp; &nbsp; &nbsp; &nbsp; &nbsp; &nbsp; &nbsp; &nbsp; &nbsp; &nbsp; &nbsp; &nbsp; &nbsp; &nbsp; &nbsp; &nbsp; &nbsp; &nbsp; &nbsp; &nbsp; &nbsp; &nbsp; &nbsp; &nbsp; &nbsp; &nbsp; &nbsp; &nbsp; &nbsp; &nbsp; &nbsp; &nbsp; &nbsp; Tarif repas compris adh\u00e9rent :185\u20ac &#8211; non adh\u00e9rent 220\u20ac&nbsp; &nbsp; &nbsp; &nbsp; &nbsp; &nbsp; &nbsp; &nbsp; &nbsp; &nbsp; &nbsp; &nbsp; &nbsp; &nbsp;Suppl\u00e9ment chambre individuelle : 30\u20ac&nbsp; &nbsp; &nbsp; &nbsp; &nbsp; &nbsp; &nbsp; &nbsp; &nbsp; &nbsp; &nbsp; &nbsp; &nbsp; &nbsp; &nbsp; &nbsp; &nbsp; &nbsp; &nbsp; &nbsp; &nbsp; &nbsp; &nbsp; &nbsp; &nbsp; &nbsp; &nbsp; &nbsp; &nbsp; &nbsp; &nbsp; &nbsp; &nbsp; ( \u00e0 noter qu&rsquo;une participation de la SHC est offerte pour ce voyage )<\/p>\n<h5 style=\"text-align: center;\">&nbsp; <span style=\"color: #ff0000;\">&nbsp;JO<strong>URNEE REPORTEE&nbsp;<\/strong><\/span><\/h5>\n<h2 style=\"text-align: center;\"><span style=\"color: #0000ff;\">Vendredi 18<strong> juin&nbsp; :&nbsp; Boischaut et Allier<\/strong><\/span><\/h2>\n<p style=\"text-align: center;\"><span style=\"color: #333333;\">Visite Prieur\u00e9 d&rsquo;Orsan- Vallon en Sully&nbsp; &nbsp; &nbsp; &nbsp; &nbsp; &nbsp; &nbsp; &nbsp; &nbsp; &nbsp; &nbsp; &nbsp; &nbsp; &nbsp; &nbsp; &nbsp; &nbsp; &nbsp; &nbsp; &nbsp; &nbsp; &nbsp; &nbsp; &nbsp; &nbsp; &nbsp; &nbsp; &nbsp; &nbsp; &nbsp; &nbsp; &nbsp; &nbsp; &nbsp; Chateau et Jardin de Peufeillhoux&nbsp; &nbsp; &nbsp; &nbsp; &nbsp; &nbsp; &nbsp; &nbsp; &nbsp; &nbsp; &nbsp; &nbsp; &nbsp; &nbsp; &nbsp; &nbsp; &nbsp; &nbsp; &nbsp; &nbsp; &nbsp; &nbsp; &nbsp; &nbsp; &nbsp; &nbsp; &nbsp; &nbsp; &nbsp; &nbsp; &nbsp; &nbsp; &nbsp; &nbsp; &nbsp; &nbsp; &nbsp; &nbsp; &nbsp; Tarif repas compris adh\u00e9rent :40\u20ac &#8211; non adh\u00e9rent 55\u20ac&nbsp; &nbsp; &nbsp; &nbsp; &nbsp; &nbsp; &nbsp; &nbsp; &nbsp; &nbsp; &nbsp; &nbsp; &nbsp; &nbsp; &nbsp; &nbsp; &nbsp; Tarif avec pique nique adh\u00e8rent: 56\u20ac &#8211; non adh\u00e9rent 71\u20ac &nbsp; &nbsp; &nbsp; &nbsp;<\/span><\/p>\n<h5 style=\"text-align: center;\"><span style=\"color: #ff0000;\">JO<strong>URNEE REPORTEE<\/strong><\/span><\/h5>\n<p style=\"text-align: center;\"><span style=\"color: #333333;\">&nbsp; &nbsp; &nbsp; &nbsp; &nbsp; &nbsp; &nbsp; &nbsp; &nbsp; &nbsp; &nbsp; &nbsp; &nbsp; &nbsp; &nbsp; &nbsp; &nbsp; &nbsp; &nbsp; &nbsp; &nbsp; &nbsp; &nbsp; &nbsp; &nbsp; &nbsp; &nbsp; &nbsp; &nbsp; &nbsp; &nbsp; &nbsp; &nbsp; &nbsp; &nbsp; &nbsp; &nbsp; &nbsp; &nbsp;<\/span><\/p>\n<h2 style=\"text-align: center;\"><span style=\"color: #0000ff;\"><strong>Samedi&nbsp; &nbsp;09 octobre : Le Pays Bourbonnais&nbsp; &nbsp; &nbsp; &nbsp; &nbsp; &nbsp; &nbsp; &nbsp; &nbsp; &nbsp; &nbsp; &nbsp; &nbsp; &nbsp; &nbsp; &nbsp; &nbsp; &nbsp; &nbsp; &nbsp; &nbsp; &nbsp; &nbsp; &nbsp;<\/strong><\/span><\/h2>\n<p style=\"text-align: center;\"><span style=\"color: #0000ff;\"><span style=\"color: #333333;\">Souvigny : Site prieural &#8211; mus\u00e9e et Jardin&nbsp; &nbsp; &nbsp; &nbsp; &nbsp; &nbsp; &nbsp; &nbsp; &nbsp; &nbsp; &nbsp; &nbsp; &nbsp; &nbsp; &nbsp; &nbsp; &nbsp; &nbsp; &nbsp; &nbsp; &nbsp; &nbsp; &nbsp; &nbsp; &nbsp; &nbsp; &nbsp; &nbsp; &nbsp; &nbsp; &nbsp; &nbsp;Arboretum de Ballaine&nbsp; &nbsp; &nbsp; &nbsp; &nbsp; &nbsp; &nbsp; &nbsp; &nbsp; &nbsp; &nbsp; &nbsp; &nbsp; &nbsp; &nbsp; &nbsp; &nbsp; &nbsp; &nbsp; &nbsp; &nbsp; &nbsp; &nbsp; &nbsp; &nbsp; &nbsp; &nbsp; &nbsp; &nbsp; &nbsp; &nbsp; &nbsp; &nbsp; &nbsp; &nbsp; &nbsp; &nbsp; &nbsp; &nbsp; &nbsp; &nbsp; &nbsp; &nbsp; &nbsp; &nbsp; &nbsp; &nbsp; &nbsp; &nbsp; &nbsp; &nbsp; Tarif repas compris adh\u00e9rent :60\u20ac &#8211; non adh\u00e9rent 76\u20ac&nbsp; &nbsp; &nbsp; &nbsp; &nbsp; &nbsp; &nbsp; &nbsp; &nbsp; &nbsp; &nbsp; &nbsp; &nbsp; &nbsp; &nbsp; &nbsp; &nbsp; Tarif avec pique nique adh\u00e8rent: 40\u20ac &#8211; non adh\u00e9rent 56\u20ac <\/span><\/span><\/p>\n<p style=\"text-align: center;\"><span style=\"color: #ff0000;\">&nbsp; &nbsp; &nbsp; &nbsp; &nbsp; &nbsp; &nbsp;&nbsp;<\/span><\/p>\n<h4 style=\"text-align: left;\"><span style=\"color: #000080;\">&nbsp; &nbsp; &nbsp; &nbsp; &nbsp; &nbsp; &nbsp; &nbsp; &nbsp; &nbsp; &nbsp; &nbsp; &nbsp; &nbsp; &nbsp; &nbsp; &nbsp; &nbsp; &nbsp; &nbsp; <\/span><\/h4>\n<h4 style=\"text-align: left;\"><span style=\"color: #993366;\">&nbsp; &nbsp;<\/span><\/h4>","protected":false},"excerpt":{"rendered":"<p>Programme de la Soci\u00e9t\u00e9 d\u2019Horticulture du Cher 2023 Les Ateliers autour du jardin Samedi 18 mars de 9H \u00e0 13H &#8211; Distribution Terreau aux Serres Municipales de la Ville de Bourges Samedi 25 mars de 10H \u00e0 12H &#8211; Greffage des arbres fruitiers dans les marais de Bourges Samedi 01 avril de 14H \u00e0 16H &hellip; <a href=\"https:\/\/old.horticulture18.fr\/?page_id=15\" class=\"more-link\">Continuer la lecture de <span class=\"screen-reader-text\">Le calendrier 2023<\/span>  <span class=\"meta-nav\">&rarr;<\/span><\/a><\/p>\n","protected":false},"author":9,"featured_media":0,"parent":0,"menu_order":1,"comment_status":"closed","ping_status":"closed","template":"","meta":{"footnotes":""},"_links":{"self":[{"href":"https:\/\/old.horticulture18.fr\/index.php?rest_route=\/wp\/v2\/pages\/15"}],"collection":[{"href":"https:\/\/old.horticulture18.fr\/index.php?rest_route=\/wp\/v2\/pages"}],"about":[{"href":"https:\/\/old.horticulture18.fr\/index.php?rest_route=\/wp\/v2\/types\/page"}],"author":[{"embeddable":true,"href":"https:\/\/old.horticulture18.fr\/index.php?rest_route=\/wp\/v2\/users\/9"}],"replies":[{"embeddable":true,"href":"https:\/\/old.horticulture18.fr\/index.php?rest_route=%2Fwp%2Fv2%2Fcomments&post=15"}],"version-history":[{"count":1,"href":"https:\/\/old.horticulture18.fr\/index.php?rest_route=\/wp\/v2\/pages\/15\/revisions"}],"predecessor-version":[{"id":3627,"href":"https:\/\/old.horticulture18.fr\/index.php?rest_route=\/wp\/v2\/pages\/15\/revisions\/3627"}],"wp:attachment":[{"href":"https:\/\/old.horticulture18.fr\/index.php?rest_route=%2Fwp%2Fv2%2Fmedia&parent=15"}],"curies":[{"name":"wp","href":"https:\/\/api.w.org\/{rel}","templated":true}]}}