{"id":1709,"date":"2022-01-14T12:30:05","date_gmt":"2022-01-14T12:30:05","guid":{"rendered":"https:\/\/old.horticulture18.fr\/?page_id=1709"},"modified":"2023-08-04T18:15:45","modified_gmt":"2023-08-04T18:15:45","slug":"les-conferences-2019","status":"publish","type":"page","link":"https:\/\/old.horticulture18.fr\/?page_id=1709","title":{"rendered":"Les conferences 2023"},"content":{"rendered":"\n<p style=\"text-align:left\" class=\"has-text-color has-background has-large-font-size has-green-color has-light-gray-background-color\"><strong><em>Les conf\u00e9rences&nbsp; au Mus\u00e9um de&nbsp; la Ville de Bourges<\/em><\/strong><\/p>\n\n\n\n<p class=\"has-medium-font-size\">  Jeudi 23 f\u00e9vrier \u00e0 18H\u2013Les vivaces : d\u00e9marche pour r\u00e9ussir vos massifs  <\/p>\n\n\n\n<p class=\"has-medium-font-size\">Jeudi 09 mars \u00e0 18H \u2013La permaculture ou le jardin au naturel<\/p>\n\n\n\n<p class=\"has-medium-font-size\"> Jeudi 05 octobre \u00e0 18H- Arbres, arbustes, couvres sol dans les petits espaces <\/p>\n\n\n\n<p class=\"has-medium-font-size\">Jeudi 16 novembre \u00e0 18H \u2013 La production des tulipes en Hollande <\/p>\n\n\n\n<p style=\"color:#a30000;text-align:center\" class=\"has-text-color has-medium-font-size\"><strong>Attention : Cette conf\u00e9rence  pr\u00e9vue initialement le 16\/11\/2023 est report\u00e9e au 07\/12\/2023<\/strong><\/p>\n\n\n\n<p><\/p>\n\n\n\n<p style=\"text-align:center\"><strong><em>Les conf\u00e9rences&nbsp; 2022 au Mus\u00e9um de&nbsp; la Ville de Bourges<\/em><\/strong><\/p>\n\n\n\n<p class=\"has-medium-font-size\"><em>Jeudi 17 f\u00e9vrier \u00e0 18H\u2013 <strong>S\u00e8cheresse et v\u00e9g\u00e9talisation<\/strong> <\/em><\/p>\n\n\n\n<p style=\"text-align:center\" class=\"has-medium-font-size\"><em>Jeudi\n10 mars \u00e0 18H \u2013 <strong>Insectes et animaux&nbsp;\nutiles au jardin<\/strong> <\/em><\/p>\n\n\n\n<p style=\"text-align:center\" class=\"has-medium-font-size\"><em>Jeudi 27 octobre \u00e0 18H- <strong>Les marais de Bourges<\/strong><\/em><\/p>\n\n\n\n<p style=\"text-align:center\" class=\"has-medium-font-size\"><em>Jeudi\n17 novembre \u00e0 18H \u2013 <strong>Le terreau et ses origines<\/strong> <\/em><\/p>\n\n\n\n<p><\/p>\n\n\n\n<p style=\"text-align:left\" class=\"has-medium-font-size\">Les conf\u00e9rences sont l&rsquo;occasion d&rsquo;approfondir nos connaissances sur des sujets horticoles ou de jardinages. Elles peuvent aussi traiter de sujets de voyages horticoles ou plus largement parler d&rsquo;exp\u00e9riences personnelles. Elles ont g\u00e9n\u00e9ralement lieu au Mus\u00e9um d&rsquo;Histoire Naturelle de bourges \u00e0 18h<\/p>\n\n\n\n<p style=\"text-align:left\" class=\"has-large-font-size\">LES CONFERENCES 2022 <\/p>\n\n\n\n<p class=\"has-text-color has-large-font-size has-green-color\">\u00a0\u00bb Ils sont fous ces Romains ! \u00ab\u00a0<\/p>\n\n\n\n<p style=\"text-align:center\" class=\"has-text-color has-medium-font-size has-green-color\"><strong>                              Jeudi 16 septembre  2021 \u00e0 18 h au                   Mus\u00e9um de Bourges<\/strong><\/p>\n\n\n\n<p style=\"text-align:center\" class=\"has-text-color has-medium-font-size has-green-color\"><strong>                Par Roland Marie Marceron , membre de la SHC<\/strong><\/p>\n\n\n\n<p>C&rsquo;est avec ce titre qui rappelle nos bandes dessin\u00e9es pr\u00e9f\u00e9r\u00e9es que Roland-Marie Marceron, Vice-Pr\u00e9sident de la SHC, nous parlera de l&rsquo;arriv\u00e9e des Romains \u00e0 N\u00eemes et ce qui les a conduits \u00e7 construire un aqueduc qui acheminait l&rsquo;eau depuis Uz\u00e8s jusqu&rsquo;\u00e0 N\u00eemes au cours du 1er si\u00e8cle de notre \u00e8re. Plus qu&rsquo;une prouesse technique c&rsquo;est un d\u00e9fi \u00e0 l&rsquo;imagination, \u00e0 l&rsquo;hydraulique, \u00e0 l&rsquo;esth\u00e9tique&#8230;Car songez qu&rsquo;il n&rsquo;y a qu&rsquo;un peu plus de 70 m de diff\u00e9rence de niveau entre le d\u00e9part et l&rsquo;arriv\u00e9e, que le canal fait 52 km avec une pente moyenne de 24 cm\/km&#8230; Roland-Marie Marceron a parcouru \u00e0 pied la totalit\u00e9 de la canalisation et sa pr\u00e9sentation sera agr\u00e9ment\u00e9e de multiples photos de qualit\u00e9 pour expliquer comment les romains ont r\u00e9ussi \u00e0 construire le fameux Pont du Gard, plus haut aqueduc romain avec 50 m de haut !<\/p>\n\n\n\n<p style=\"color:#a30003;text-align:center\" class=\"has-text-color has-large-font-size\"> <\/p>\n\n\n\n<p style=\"text-align:center\" class=\"has-text-color has-large-font-size has-green-color\"><strong>Le Jeudi 16 SEPTEMBRE 2021 \u00e0 18h au Mus\u00e9um <\/strong><\/p>\n\n\n\n<p style=\"text-align:center\" class=\"has-text-color has-background has-large-font-size has-green-color has-white-background-color\"><strong>S\u00e9cheresse et v\u00e9g\u00e9talisation, un duo impossible ?<\/strong><\/p>\n\n\n\n<p style=\"text-align:center\" class=\"has-text-color has-medium-font-size has-green-color\"><strong>Jeudi 08 Avril   2021 \u00e0 18 h au Mus\u00e9um de Bourges<\/strong><\/p>\n\n\n\n<p style=\"text-align:center\" class=\"has-text-color has-medium-font-size has-green-color\"><strong>Par Patrick Lescot, membre  de la SHC<\/strong><\/p>\n\n\n\n<p style=\"color:#a30005;text-align:center\" class=\"has-text-color has-large-font-size\">CONFERENCE REPORTEE<\/p>\n\n\n\n<p><\/p>\n\n\n\n<p style=\"color:#a30000;text-align:center\" class=\"has-text-color has-medium-font-size\"><strong>                                             <\/strong><\/p>\n\n\n\n<p><\/p>\n\n\n\n<p style=\"text-align:center\" class=\"has-text-color has-large-font-size has-green-color\"><strong>Les Marais de Bourges <\/strong><\/p>\n\n\n\n<p style=\"text-align:center\" class=\"has-text-color has-background has-medium-font-size has-green-color has-light-gray-background-color\"><strong>Jeudi 25 Novembre  2021 \u00e0 18 h au Mus\u00e9um de  Bourges<\/strong><\/p>\n\n\n\n<p style=\"text-align:center\" class=\"has-text-color has-medium-font-size has-green-color\">Par Monsieur Michel MELIN <\/p>\n\n\n\n<p style=\"color:#a30003;text-align:center\" class=\"has-text-color has-large-font-size\">\n\nCONFERENCE REPORTEE\n\n<\/p>\n\n\n\n<p><\/p>\n\n\n\n<p style=\"text-align:center\" class=\"has-text-color has-medium-font-size has-green-color\"><\/p>\n\n\n\n<p><strong>                             <\/strong><\/p>\n\n\n\n<p><strong>                           <\/strong><\/p>\n","protected":false},"excerpt":{"rendered":"<p>Les conf\u00e9rences&nbsp; au Mus\u00e9um de&nbsp; la Ville de Bourges Jeudi 23 f\u00e9vrier \u00e0 18H\u2013Les vivaces : d\u00e9marche pour r\u00e9ussir vos massifs Jeudi 09 mars \u00e0 18H \u2013La permaculture ou le jardin au naturel Jeudi 05 octobre \u00e0 18H- Arbres, arbustes, couvres sol dans les petits espaces Jeudi 16 novembre \u00e0 18H \u2013 La production des &hellip; <a href=\"https:\/\/old.horticulture18.fr\/?page_id=1709\" class=\"more-link\">Continuer la lecture de <span class=\"screen-reader-text\">Les conferences 2023<\/span>  <span class=\"meta-nav\">&rarr;<\/span><\/a><\/p>\n","protected":false},"author":9,"featured_media":0,"parent":0,"menu_order":0,"comment_status":"closed","ping_status":"closed","template":"","meta":{"footnotes":""},"_links":{"self":[{"href":"https:\/\/old.horticulture18.fr\/index.php?rest_route=\/wp\/v2\/pages\/1709"}],"collection":[{"href":"https:\/\/old.horticulture18.fr\/index.php?rest_route=\/wp\/v2\/pages"}],"about":[{"href":"https:\/\/old.horticulture18.fr\/index.php?rest_route=\/wp\/v2\/types\/page"}],"author":[{"embeddable":true,"href":"https:\/\/old.horticulture18.fr\/index.php?rest_route=\/wp\/v2\/users\/9"}],"replies":[{"embeddable":true,"href":"https:\/\/old.horticulture18.fr\/index.php?rest_route=%2Fwp%2Fv2%2Fcomments&post=1709"}],"version-history":[{"count":0,"href":"https:\/\/old.horticulture18.fr\/index.php?rest_route=\/wp\/v2\/pages\/1709\/revisions"}],"wp:attachment":[{"href":"https:\/\/old.horticulture18.fr\/index.php?rest_route=%2Fwp%2Fv2%2Fmedia&parent=1709"}],"curies":[{"name":"wp","href":"https:\/\/api.w.org\/{rel}","templated":true}]}}