{"id":1731,"date":"2019-02-06T14:28:03","date_gmt":"2019-02-06T14:28:03","guid":{"rendered":"https:\/\/old.horticulture18.fr\/?page_id=1731"},"modified":"2023-05-12T09:36:29","modified_gmt":"2023-05-12T09:36:29","slug":"qui-sommes-nous-2","status":"publish","type":"page","link":"https:\/\/old.horticulture18.fr\/?page_id=1731","title":{"rendered":"qui sommes-nous ?"},"content":{"rendered":"\n<p>La Soci\u00e9t\u00e9 d&rsquo;Horticulture du Cher a pour but de mettre en \u0153uvre toute action favorisant la promotion de l\u2019Horticulture et de l\u2019Art Floral, dans le Cher. Elle a pour objet de promouvoir, aupr\u00e8s des amateurs, la connaissance, l\u2019enseignement et la pratique horticole sous toutes leurs formes et, singuli\u00e8rement, en ce qui concerne le fleurissement de l\u2019habitat et l\u2019embellissement de l\u2019environnement. <\/p>\n\n\n\n<p><strong>Elle regroupe donc les passionn\u00e9s de jardinage, de fleurs, les amateurs de voyages horticoles, de visites de jardins, c&rsquo;est \u00e0 dire vous tous !<\/strong><\/p>\n\n\n\n<figure class=\"wp-block-image is-resized\"><img loading=\"lazy\" decoding=\"async\" src=\"https:\/\/old.horticulture18.fr\/wp-content\/uploads\/2023\/05\/VILLAN-1.jpg\" alt=\"\" width=\"625\" height=\"351\"\/><figcaption>Pr\u00e8s de 50 adh\u00e9rents de la SHC \u00e0 la d\u00e9couverte des jardins du Ch\u00e2teau de Villandry <\/figcaption><\/figure>\n\n\n\n<p style=\"text-align:left\">En adh\u00e9rant \u00e0 la Soci\u00e9t\u00e9 d&rsquo;Horticulture du Cher ( Loi 1901 ) vous pourrez alors participer aux nombreuses activit\u00e9s qu&rsquo;elle organise .<\/p>\n\n\n\n<ul><li>.<strong> <\/strong>Rencontre avec des professionnels de l&rsquo;Horticulture , du maraichage \u00e0 l&rsquo;occasion de visites d&rsquo;\u00e9tablissements , d&rsquo;ateliers ou de conferences .<\/li><\/ul>\n\n\n\n<ul><li>Voyages en France avec visites d&rsquo;expositions floral , jardins publics ou priv\u00e9s , arboretums , etc .<\/li><li>Recevoir le bulletin de liaison de la SHC vous informant du calendrier des sorties ,voyages , ateliers d&rsquo;art floral , cours de jardinage , etc .<\/li><\/ul>\n\n\n\n<h2 class=\"wp-block-heading\" style=\"text-align:left\"><strong>               BIENVENUE A TOUTES  ET A TOUS !! <\/strong><\/h2>\n\n\n\n<figure class=\"wp-block-image is-resized\"><img loading=\"lazy\" decoding=\"async\" src=\"https:\/\/old.horticulture18.fr\/wp-content\/uploads\/2016\/01\/DSCN4318-1024x768.jpg\" alt=\"\" width=\"632\" height=\"474\"\/><\/figure>\n\n\n\n<p style=\"text-align:left\" class=\"has-large-font-size\">                          <\/p>\n\n\n\n<p><\/p>\n","protected":false},"excerpt":{"rendered":"<p>La Soci\u00e9t\u00e9 d&rsquo;Horticulture du Cher a pour but de mettre en \u0153uvre toute action favorisant la promotion de l\u2019Horticulture et de l\u2019Art Floral, dans le Cher. Elle a pour objet de promouvoir, aupr\u00e8s des amateurs, la connaissance, l\u2019enseignement et la pratique horticole sous toutes leurs formes et, singuli\u00e8rement, en ce qui concerne le fleurissement de &hellip; <a href=\"https:\/\/old.horticulture18.fr\/?page_id=1731\" class=\"more-link\">Continuer la lecture de <span class=\"screen-reader-text\">qui sommes-nous ?<\/span>  <span class=\"meta-nav\">&rarr;<\/span><\/a><\/p>\n","protected":false},"author":9,"featured_media":0,"parent":0,"menu_order":0,"comment_status":"closed","ping_status":"closed","template":"","meta":{"footnotes":""},"_links":{"self":[{"href":"https:\/\/old.horticulture18.fr\/index.php?rest_route=\/wp\/v2\/pages\/1731"}],"collection":[{"href":"https:\/\/old.horticulture18.fr\/index.php?rest_route=\/wp\/v2\/pages"}],"about":[{"href":"https:\/\/old.horticulture18.fr\/index.php?rest_route=\/wp\/v2\/types\/page"}],"author":[{"embeddable":true,"href":"https:\/\/old.horticulture18.fr\/index.php?rest_route=\/wp\/v2\/users\/9"}],"replies":[{"embeddable":true,"href":"https:\/\/old.horticulture18.fr\/index.php?rest_route=%2Fwp%2Fv2%2Fcomments&post=1731"}],"version-history":[{"count":0,"href":"https:\/\/old.horticulture18.fr\/index.php?rest_route=\/wp\/v2\/pages\/1731\/revisions"}],"wp:attachment":[{"href":"https:\/\/old.horticulture18.fr\/index.php?rest_route=%2Fwp%2Fv2%2Fmedia&parent=1731"}],"curies":[{"name":"wp","href":"https:\/\/api.w.org\/{rel}","templated":true}]}}