{"id":18,"date":"2022-01-13T19:55:19","date_gmt":"2022-01-13T19:55:19","guid":{"rendered":"https:\/\/old.horticulture18.fr\/?page_id=18"},"modified":"2022-06-17T15:58:51","modified_gmt":"2022-06-17T15:58:51","slug":"qui-sommes-nous","status":"publish","type":"page","link":"https:\/\/old.horticulture18.fr\/?page_id=18","title":{"rendered":"Le Conseil d&rsquo;Administration de la SHC"},"content":{"rendered":"<h5 style=\"text-align: center;\"><\/h5>\n<h5 style=\"text-align: center;\"><strong><span style=\"color: #000000;\">Le Conseil d&rsquo;Administration \u00e9lu<\/span><\/strong><\/h5>\n<h4 style=\"text-align: center;\"><strong><span style=\"color: #000000;\">&nbsp;Suite \u00e0 R\u00e9union du CA&nbsp; du 13 JANVIER&nbsp; 2022<\/span><\/strong><\/h4>\n<h6 style=\"text-align: center;\"><strong>Pr\u00e9sident<\/strong> : Patrick LESCOT<\/h6>\n<h6 style=\"text-align: center;\"><strong>&nbsp;Vice-Pr\u00e9sident : Roland-Marie MARCERON<br \/>\n<\/strong><\/h6>\n<h6 style=\"text-align: center;\"><strong>Tr\u00e9sorier<\/strong>: Guy BARBEAU<\/h6>\n<h6 style=\"text-align: center;\"><strong>Tr\u00e9sorier-adjoint: Ren\u00e9 BARDIOT<br \/>\n<\/strong><\/h6>\n<p style=\"text-align: center;\"><strong>Secr\u00e9taire: Jacqueline MARTIN<\/strong><\/p>\n<p>&nbsp; &nbsp; &nbsp; &nbsp; &nbsp; &nbsp; &nbsp; &nbsp; &nbsp; <strong>&nbsp;Secr\u00e9taire adjointe :&nbsp; Annick CHEVREAU-PREVILLE&nbsp;<\/strong><\/p>\n<p><strong>&nbsp;&nbsp;&nbsp;&nbsp;&nbsp;&nbsp;&nbsp;&nbsp;&nbsp; &nbsp; &nbsp; &nbsp; &nbsp; &nbsp; &nbsp; &nbsp; &nbsp; &nbsp; &nbsp; &nbsp; &nbsp; &nbsp;&nbsp; &nbsp;&nbsp;&nbsp;&nbsp; LES AUTRES MEMBRES DU CA :<\/strong><\/p>\n<p><strong>&nbsp; &nbsp; &nbsp; &nbsp; &nbsp; &nbsp; &nbsp; &nbsp; &nbsp; &nbsp; &nbsp; &nbsp; &nbsp; &nbsp; &nbsp; &nbsp; &nbsp; &nbsp;Jacqueline PICAULT : Animatrice<\/strong><\/p>\n<p><strong>&nbsp; &nbsp; &nbsp; &nbsp; &nbsp; &nbsp; &nbsp; &nbsp; &nbsp; &nbsp; &nbsp; &nbsp; &nbsp; &nbsp; &nbsp; &nbsp; &nbsp; &nbsp; &nbsp; &nbsp; &nbsp; &nbsp; &nbsp; &nbsp;Claire MEBIUS : Animatrice<\/strong><\/p>\n<p><strong>&nbsp; &nbsp; &nbsp; &nbsp; &nbsp; &nbsp; &nbsp; &nbsp; &nbsp; &nbsp; &nbsp; &nbsp; &nbsp; &nbsp; &nbsp; &nbsp; <\/strong><strong>&nbsp; &nbsp; &nbsp;Jean-Claude PALLOT :&nbsp; Animateur<\/strong><\/p>\n<p><strong>&nbsp; &nbsp; &nbsp; &nbsp;Emmanuel BAJARD (ville de BOURGES) Membre statutaire<\/strong><\/p>\n<h6 style=\"text-align: center;\"><\/h6>\n<h6 style=\"text-align: center;\"><\/h6>\n<h6 style=\"text-align: center;\"><\/h6>\n","protected":false},"excerpt":{"rendered":"<p>Le Conseil d&rsquo;Administration \u00e9lu &nbsp;Suite \u00e0 R\u00e9union du CA&nbsp; du 13 JANVIER&nbsp; 2022 Pr\u00e9sident : Patrick LESCOT &nbsp;Vice-Pr\u00e9sident : Roland-Marie MARCERON Tr\u00e9sorier: Guy BARBEAU Tr\u00e9sorier-adjoint: Ren\u00e9 BARDIOT Secr\u00e9taire: Jacqueline MARTIN &nbsp; &nbsp; &nbsp; &nbsp; &nbsp; &nbsp; &nbsp; &nbsp; &nbsp; &nbsp;Secr\u00e9taire adjointe :&nbsp; Annick CHEVREAU-PREVILLE&nbsp; &nbsp;&nbsp;&nbsp;&nbsp;&nbsp;&nbsp;&nbsp;&nbsp;&nbsp; &nbsp; &nbsp; &nbsp; &nbsp; &nbsp; &nbsp; &nbsp; &nbsp; &nbsp; &nbsp; &hellip; <a href=\"https:\/\/old.horticulture18.fr\/?page_id=18\" class=\"more-link\">Continuer la lecture de <span class=\"screen-reader-text\">Le Conseil d&rsquo;Administration de la SHC<\/span>  <span class=\"meta-nav\">&rarr;<\/span><\/a><\/p>\n","protected":false},"author":9,"featured_media":0,"parent":0,"menu_order":2,"comment_status":"closed","ping_status":"closed","template":"","meta":{"footnotes":""},"_links":{"self":[{"href":"https:\/\/old.horticulture18.fr\/index.php?rest_route=\/wp\/v2\/pages\/18"}],"collection":[{"href":"https:\/\/old.horticulture18.fr\/index.php?rest_route=\/wp\/v2\/pages"}],"about":[{"href":"https:\/\/old.horticulture18.fr\/index.php?rest_route=\/wp\/v2\/types\/page"}],"author":[{"embeddable":true,"href":"https:\/\/old.horticulture18.fr\/index.php?rest_route=\/wp\/v2\/users\/9"}],"replies":[{"embeddable":true,"href":"https:\/\/old.horticulture18.fr\/index.php?rest_route=%2Fwp%2Fv2%2Fcomments&post=18"}],"version-history":[{"count":0,"href":"https:\/\/old.horticulture18.fr\/index.php?rest_route=\/wp\/v2\/pages\/18\/revisions"}],"wp:attachment":[{"href":"https:\/\/old.horticulture18.fr\/index.php?rest_route=%2Fwp%2Fv2%2Fmedia&parent=18"}],"curies":[{"name":"wp","href":"https:\/\/api.w.org\/{rel}","templated":true}]}}