{"id":2,"date":"2021-01-24T15:45:17","date_gmt":"2021-01-24T15:45:17","guid":{"rendered":"http:\/\/https:\/\/old.horticulture18.fr\/"},"modified":"2023-05-12T09:27:07","modified_gmt":"2023-05-12T09:27:07","slug":"sample-page","status":"publish","type":"page","link":"https:\/\/old.horticulture18.fr\/","title":{"rendered":"Bienvenue \u00e0 la Soci\u00e9t\u00e9                d&rsquo;Horticulture du Cher"},"content":{"rendered":"<h5><strong><br \/><a style=\"color: #ff0000;\" href=\"https:\/\/old.horticulture18.fr\/wp-content\/uploads\/2015\/03\/img051.jpg\"><img loading=\"lazy\" decoding=\"async\" class=\" wp-image-386 aligncenter\" src=\"https:\/\/old.horticulture18.fr\/wp-content\/uploads\/2015\/03\/img051-290x300.jpg\" alt=\"img051\" width=\"144\" height=\"149\" srcset=\"https:\/\/old.horticulture18.fr\/wp-content\/uploads\/2015\/03\/img051-290x300.jpg 290w, https:\/\/old.horticulture18.fr\/wp-content\/uploads\/2015\/03\/img051-991x1024.jpg 991w, https:\/\/old.horticulture18.fr\/wp-content\/uploads\/2015\/03\/img051.jpg 1667w\" sizes=\"(max-width: 144px) 100vw, 144px\" \/><\/a><\/strong><\/h5>\n<h1>\u00a0 SOCIETE\u00a0 D&rsquo;HORTICULTURE\u00a0 DU CHER<\/h1>\n<h4 style=\"text-align: center;\"><strong>Maison des Associations<\/strong><\/h4>\n<h4 style=\"text-align: center;\"><strong>28 \u00a0 Rue Gambon<\/strong><\/h4>\n<h4 style=\"text-align: center;\"><strong>18000 BOURGES<\/strong><\/h4>\n<h5><strong>\u00a0\u00a0\u00a0\u00a0\u00a0\u00a0\u00a0\u00a0\u00a0\u00a0\u00a0\u00a0\u00a0\u00a0\u00a0\u00a0\u00a0\u00a0\u00a0\u00a0\u00a0\u00a0\u00a0\u00a0\u00a0\u00a0\u00a0\u00a0\u00a0\u00a0\u00a0\u00a0\u00a0\u00a0 Mail : horticher@gmail.com<\/strong><\/h5>\n<h6 style=\"text-align: center;\">La Soci\u00e9t\u00e9 d&rsquo;Horticulture du Cher , ouverte \u00e0 toutes et \u00e0 tous ,\u00a0 offre la possibilit\u00e9 de se\u00a0 retrouver autour du v\u00e9g\u00e9tal , dans une ambiance chaleureuse et\u00a0 \u00a0conviviale !\u00a0<\/h6>\n<p><img decoding=\"async\" src=\"https:\/\/old.horticulture18.fr\/wp-content\/uploads\/2023\/05\/VILLAN-1.jpg\" \/><\/p>\n<h6 style=\"text-align: center;\">\u00a0\u00a0<span style=\"color: #008000;\">===============================<\/span><\/h6>\n<h6>2023 n&rsquo;\u00e9chappe pas \u00e0 la r\u00e8gle !\u00a0 \u00a0De nombreux ateliers, conf\u00e9rences, voyages, manifestations, vous sont propos\u00e9s afin de vous faire d\u00e9couvrir ou red\u00e9couvrir l&rsquo;Horticulture sous toutes ses formes. Les th\u00e9matiques propos\u00e9es tout le long de l&rsquo;ann\u00e9e sont\u00a0 extr\u00eamement vari\u00e9es\u00a0 dans le but de satisfaire\u00a0 les curiosit\u00e9s de chacun et plus de 200 adh\u00e9rents partagent d\u00e9j\u00e0 leur passion au sein de notre association o\u00f9 il fait bon vivre et se retrouver.\u00a0<\/h6>\n<h6>Rejoignez nous !!<\/h6>\n<p>\u00a0<\/p>\n<h6><b>\u00a0<\/b><\/h6>\n<p style=\"text-align: center;\"><span style=\"color: #008000;\">============================================<\/span><\/p>\n\n\n<p><\/p>\n","protected":false},"excerpt":{"rendered":"<p>\u00a0 SOCIETE\u00a0 D&rsquo;HORTICULTURE\u00a0 DU CHER Maison des Associations 28 \u00a0 Rue Gambon 18000 BOURGES \u00a0\u00a0\u00a0\u00a0\u00a0\u00a0\u00a0\u00a0\u00a0\u00a0\u00a0\u00a0\u00a0\u00a0\u00a0\u00a0\u00a0\u00a0\u00a0\u00a0\u00a0\u00a0\u00a0\u00a0\u00a0\u00a0\u00a0\u00a0\u00a0\u00a0\u00a0\u00a0\u00a0\u00a0 Mail : horticher@gmail.com La Soci\u00e9t\u00e9 d&rsquo;Horticulture du Cher , ouverte \u00e0 toutes et \u00e0 tous ,\u00a0 offre la possibilit\u00e9 de se\u00a0 retrouver autour du v\u00e9g\u00e9tal , dans une ambiance chaleureuse et\u00a0 \u00a0conviviale !\u00a0 \u00a0\u00a0=============================== 2023 n&rsquo;\u00e9chappe pas \u00e0 la r\u00e8gle &hellip; <a href=\"https:\/\/old.horticulture18.fr\/\" class=\"more-link\">Continuer la lecture de <span class=\"screen-reader-text\">Bienvenue \u00e0 la Soci\u00e9t\u00e9                d&rsquo;Horticulture du Cher<\/span>  <span class=\"meta-nav\">&rarr;<\/span><\/a><\/p>\n","protected":false},"author":9,"featured_media":0,"parent":0,"menu_order":0,"comment_status":"open","ping_status":"open","template":"","meta":{"footnotes":""},"_links":{"self":[{"href":"https:\/\/old.horticulture18.fr\/index.php?rest_route=\/wp\/v2\/pages\/2"}],"collection":[{"href":"https:\/\/old.horticulture18.fr\/index.php?rest_route=\/wp\/v2\/pages"}],"about":[{"href":"https:\/\/old.horticulture18.fr\/index.php?rest_route=\/wp\/v2\/types\/page"}],"author":[{"embeddable":true,"href":"https:\/\/old.horticulture18.fr\/index.php?rest_route=\/wp\/v2\/users\/9"}],"replies":[{"embeddable":true,"href":"https:\/\/old.horticulture18.fr\/index.php?rest_route=%2Fwp%2Fv2%2Fcomments&post=2"}],"version-history":[{"count":0,"href":"https:\/\/old.horticulture18.fr\/index.php?rest_route=\/wp\/v2\/pages\/2\/revisions"}],"wp:attachment":[{"href":"https:\/\/old.horticulture18.fr\/index.php?rest_route=%2Fwp%2Fv2%2Fmedia&parent=2"}],"curies":[{"name":"wp","href":"https:\/\/api.w.org\/{rel}","templated":true}]}}