{"id":2487,"date":"2021-09-21T05:52:29","date_gmt":"2021-09-21T05:52:29","guid":{"rendered":"https:\/\/old.horticulture18.fr\/?page_id=2487"},"modified":"2023-09-09T13:27:39","modified_gmt":"2023-09-09T13:27:39","slug":"bulletin-adhesion-2021","status":"publish","type":"page","link":"https:\/\/old.horticulture18.fr\/?page_id=2487","title":{"rendered":"Bulletin adhesion 2024"},"content":{"rendered":"\n<p><\/p>\n\n\n\n<p>\n<strong>Madame\n, Monsieur    <\/strong>\n<\/p>\n\n\n\n<p>\n              <strong>Nous\nvous prions de bien vouloir compl\u00e9ter les zones ci-dessous, en\nparticulier l&rsquo;adresse Mail&nbsp;. Ceci vous permettra, entre autre,\nde recevoir les derni\u00e8res mises \u00e0 jour  du calendrier et les\nderni\u00e8res informations .<\/strong><\/p>\n\n\n\n<p>\n                   <strong>Si\nvous vous inscrivez en couple, vous pouvez distinguer les adresses,  \n              t\u00e9l\u00e9phones  et mails des 2 membres.<\/strong><\/p>\n\n\n\n<table class=\"wp-block-table\"><tbody><tr><td>            <strong>Membre 1<\/strong><br><strong>NOM :<\/strong> \u2026\u2026\u2026\u2026\u2026\u2026\u2026\u2026\u2026\u2026\u2026&#8230;<strong> PRENOM<\/strong>\u2026\u2026\u2026\u2026\u2026\u2026\u2026&#8230;&#8230;&#8230;&#8230;&#8230;&#8230;&#8230;&#8230;&#8230;&#8230;.<br><strong>Adresse <\/strong>&#8230;&#8230;&#8230;&#8230;&#8230;&#8230;&#8230;&#8230;&#8230;&#8230;&#8230;&#8230;&#8230;&#8230;&#8230;&#8230;&#8230;&#8230;&#8230;&#8230;&#8230;&#8230;&#8230;&#8230;&#8230;&#8230;&#8230;&#8230;&#8230;&#8230;&#8230;&#8230;&#8230;&#8230;&#8230;&#8230;&#8230;&#8230;<br><strong>Code Postal :<\/strong>\u2026&#8230;&#8230;&#8230;&#8230;&#8230;&#8230;&#8230;&#8230;&#8230;.<strong>Localit\u00e9 <\/strong>\u2026&#8230;&#8230;&#8230;&#8230;&#8230;&#8230;&#8230;&#8230;&#8230;&#8230;&#8230;&#8230;&#8230;&#8230;&#8230;&#8230;&#8230;.<br><strong>T\u00e9l\u00e9phone fixe : <\/strong> \u2026&#8230;&#8230;&#8230;&#8230;&#8230;&#8230;&#8230;&#8230;&#8230;&#8230;&#8230;.   <strong>Portable&nbsp;: <\/strong>\u2026\u2026\u2026\u2026\u2026\u2026\u2026\u2026\u2026\u2026.<br><strong>e-mail : <\/strong>\u2026\u2026\u2026\u2026\u2026\u2026\u2026\u2026\u2026\u2026\u2026\u2026\u2026\u2026\u2026\u2026&#8230;&#8230;&#8230;&#8230;&#8230;&#8230;&#8230;. <strong>Age&nbsp;:<\/strong>&#8230;&#8230;&#8230;&#8230;&#8230;&#8230;&#8230;&#8230;..<br><strong>Je poss\u00e8de : <\/strong> <strong>un jardin d&rsquo;agr\u00e9ment <\/strong>\u2026\u2026..<strong> un potager<\/strong>\u2026\u2026.. <strong>un pavillon<\/strong>\u2026\u2026<br><strong>un appartement<\/strong> \u2026&#8230;..  <br> <\/td><\/tr><tr><td>                       <strong>Membre 2<\/strong> <br><strong>NOM&nbsp;: <\/strong>\u2026\u2026\u2026\u2026\u2026\u2026\u2026\u2026\u2026\u2026\u2026\u2026\u2026&#8230;&#8230;&#8230;<strong> PRENOM<\/strong>\u2026\u2026\u2026\u2026\u2026\u2026\u2026&#8230;&#8230;&#8230;&#8230;&#8230;&#8230;..<br><strong>Adresse :<\/strong>&#8230;&#8230;&#8230;&#8230;&#8230;&#8230;&#8230;&#8230;&#8230;&#8230;&#8230;&#8230;&#8230;&#8230;&#8230;&#8230;&#8230;&#8230;&#8230;&#8230;&#8230;&#8230;&#8230;&#8230;&#8230;&#8230;&#8230;&#8230;&#8230;&#8230;&#8230;&#8230;&#8230;&#8230;&#8230;&#8230;&#8230;&#8230;<br><strong>Code Postal :<\/strong>\u2026&#8230;&#8230;&#8230;&#8230;&#8230;&#8230;&#8230;&#8230;&#8230;.<strong>Localit\u00e9 <\/strong>\u2026&#8230;&#8230;&#8230;&#8230;&#8230;&#8230;&#8230;&#8230;&#8230;&#8230;&#8230;&#8230;&#8230;&#8230;&#8230;&#8230;&#8230;&#8230;<br><strong>T\u00e9l\u00e9phone fixe : <\/strong> \u2026&#8230;&#8230;&#8230;&#8230;&#8230;&#8230;&#8230;&#8230;&#8230;&#8230;&#8230;.  <strong>Portable&nbsp;: <\/strong>\u2026\u2026\u2026\u2026\u2026\u2026\u2026\u2026\u2026\u2026\u2026.<br><strong>e-mail : <\/strong>\u2026\u2026\u2026\u2026\u2026\u2026\u2026\u2026\u2026\u2026\u2026\u2026\u2026\u2026\u2026\u2026&#8230;&#8230;&#8230;&#8230;&#8230;&#8230;&#8230;.. <strong>Age&nbsp;:<\/strong>&#8230;&#8230;&#8230;&#8230;&#8230;&#8230;&#8230;&#8230;&#8230;.<strong>  <\/strong><br><strong>Je poss\u00e8de :<\/strong> <strong>un jardin d&rsquo;agr\u00e9ment <\/strong>\u2026\u2026..<strong>un potager<\/strong>\u2026\u2026..<strong>un pavillon <\/strong>\u2026..<br><strong>un appartement<\/strong>&#8230;&#8230;..                                <br><br><strong>                                             <em>COTISATION ANNUELLE  <\/em><\/strong><\/td><\/tr><\/tbody><\/table>\n\n\n\n<p style=\"text-align:left\">                                            <strong>Pour une personne = 18\u20ac<\/strong><\/p>\n\n\n\n<p>                                              <strong>Pour un  couple = 26 \u20ac <\/strong> <\/p>\n\n\n\n<p>\n<strong>Adh\u00e9sion\nvalable 1 ann\u00e9e , du 01 D\u00e9cembre  au 30 Novembre <\/strong>\n<\/p>\n\n\n\n<p><strong>Afin\nde nous aider \u00e0 mieux r\u00e9pondre \u00e0 vos attentes, vous pouvez, si\nvous le d\u00e9sirez, nous indiquer en cochant votre choix ,vos domaines\nd&rsquo;int\u00e9r\u00eats auxquels vous souhaitez participer (voir d\u00e9tails des\ngroupes sur le site http&nbsp;\/\/societe dhorticultureducher.fr\/  ) <\/strong>\n<\/p>\n\n\n\n<ul><li>\n\t<strong>Les\n\tvoyages<\/strong>\n\t<\/li><li>\n\t<strong>Les\n\tateliers autour du jardin<\/strong>\n\t<\/li><li>\n\t<strong>Les\n\tconf\u00e9rences<\/strong>\n\t<\/li><li>\n\t<strong>L\u2019art\n\tfloral (d\u00e9montrations, cours)<\/strong>\n\t<\/li><li>\n\t<strong>Autres\n\t<\/strong>\n\t\n<\/li><\/ul>\n\n\n\n<p><strong>Dans\nle cadre de ses activit\u00e9s, la SHC  \u00e9tant amen\u00e9e \u00e0 diffuser des\nphotos ou des vid\u00e9os sur son site internet, dans la presse et sur\ntout support destin\u00e9 \u00e0 promouvoir l&rsquo;association, chaque adh\u00e9rent\naccepte de c\u00e9der son droit \u00e0 l&rsquo;image, \u00e0 moins de manifester son\nd\u00e9saccord par courrier adress\u00e9 au Pr\u00e9sident. En cas d&rsquo;organisation\nd&rsquo;une activit\u00e9 chez lui, il accepte aussi que ses coordonn\u00e9es\npuissent appara\u00eetre sur le site Internet.<\/strong><\/p>\n\n\n\n<p><strong>Les\ninformations recueillies pour enregistrer une adh\u00e9sion font l&rsquo;objet\nd&rsquo;un traitement informatique. Ces donn\u00e9es sont utilis\u00e9es par les\nmembres du bureau, les responsables des groupes d&rsquo;int\u00e9r\u00eat, les\nresponsables informatiques, exclusivement dans le cadre des activit\u00e9s\npropres \u00e0 la SHC. Elles ne seront jamais diffus\u00e9es \u00e0 l&rsquo;ext\u00e9rieur.\nEn application de la d\u00e9lib\u00e9ration n\u00b0 2010-229 du 10 juin 2010,\ndispensant les traitements automatis\u00e9s de donn\u00e9es \u00e0 caract\u00e8re\npersonnel, abrogeant la<\/strong><strong>d\u00e9lib\u00e9ration\nn\u00b0 2006-030 de la loi informatique et libert\u00e9, l&rsquo;adh\u00e9rent est en\ndroit d&rsquo;acc\u00e9der \u00e0 ces informations et d&rsquo;en demander la\nrectification aupr\u00e8s du Pr\u00e9sident de la SHC<\/strong><\/p>\n\n\n\n<p><strong>Mode\nde r\u00e9glement&nbsp;:<\/strong><\/p>\n\n\n\n<p><strong>Nous\nvous remercions d&rsquo;adresser, par courrier , votre bulletin d\u00fbment\ncompl\u00e9t\u00e9 et sign\u00e9 ainsi que  votre r\u00e8glement (ch\u00e8que \u00e0 l&rsquo;ordre\nde la  SHC  ) \u00e0 : <\/strong>\n<\/p>\n\n\n\n<p style=\"text-align:center\">           <strong>Soci\u00e9t\u00e9 d&rsquo;Horticulture du Cher <\/strong> <\/p>\n\n\n\n<p style=\"text-align:center\"><strong>Maison\ndes Associations , 28 Rue Gambon <\/strong>\n<\/p>\n\n\n\n<p style=\"text-align:center\"> \n<strong>18000\n                               <\/strong><strong>\nBOURGES           <\/strong>\n<\/p>\n","protected":false},"excerpt":{"rendered":"<p>Madame , Monsieur Nous vous prions de bien vouloir compl\u00e9ter les zones ci-dessous, en particulier l&rsquo;adresse Mail&nbsp;. Ceci vous permettra, entre autre, de recevoir les derni\u00e8res mises \u00e0 jour du calendrier et les derni\u00e8res informations . Si vous vous inscrivez en couple, vous pouvez distinguer les adresses, t\u00e9l\u00e9phones et mails des 2 membres. Membre 1NOM &hellip; <a href=\"https:\/\/old.horticulture18.fr\/?page_id=2487\" class=\"more-link\">Continuer la lecture de <span class=\"screen-reader-text\">Bulletin adhesion 2024<\/span>  <span class=\"meta-nav\">&rarr;<\/span><\/a><\/p>\n","protected":false},"author":9,"featured_media":0,"parent":0,"menu_order":0,"comment_status":"closed","ping_status":"closed","template":"","meta":{"footnotes":""},"_links":{"self":[{"href":"https:\/\/old.horticulture18.fr\/index.php?rest_route=\/wp\/v2\/pages\/2487"}],"collection":[{"href":"https:\/\/old.horticulture18.fr\/index.php?rest_route=\/wp\/v2\/pages"}],"about":[{"href":"https:\/\/old.horticulture18.fr\/index.php?rest_route=\/wp\/v2\/types\/page"}],"author":[{"embeddable":true,"href":"https:\/\/old.horticulture18.fr\/index.php?rest_route=\/wp\/v2\/users\/9"}],"replies":[{"embeddable":true,"href":"https:\/\/old.horticulture18.fr\/index.php?rest_route=%2Fwp%2Fv2%2Fcomments&post=2487"}],"version-history":[{"count":0,"href":"https:\/\/old.horticulture18.fr\/index.php?rest_route=\/wp\/v2\/pages\/2487\/revisions"}],"wp:attachment":[{"href":"https:\/\/old.horticulture18.fr\/index.php?rest_route=%2Fwp%2Fv2%2Fmedia&parent=2487"}],"curies":[{"name":"wp","href":"https:\/\/api.w.org\/{rel}","templated":true}]}}