{"id":3414,"date":"2023-05-26T08:30:32","date_gmt":"2023-05-26T08:30:32","guid":{"rendered":"https:\/\/old.horticulture18.fr\/?page_id=3414"},"modified":"2023-05-26T18:26:04","modified_gmt":"2023-05-26T18:26:04","slug":"villandry-2023-reportage","status":"publish","type":"page","link":"https:\/\/old.horticulture18.fr\/?page_id=3414","title":{"rendered":"VILLANDRY 2023: REPORTAGE"},"content":{"rendered":"\n<p style=\"text-align:center\"><strong>Jeudi 11 MAI 2023 <\/strong><\/p>\n\n\n\n<p>Nous vous invitons \u00e0  visionner le reportage  photos r\u00e9alis\u00e9 par Mr et  Me Jean  Fran\u00e7ois  MOINET , adh\u00e9rents de la SHC .  Un grand MERCI  pour leur participation active !!<\/p>\n\n\n\n<p style=\"text-align:center\"><strong>o<\/strong><\/p>\n\n\n\n<figure class=\"wp-block-embed-youtube wp-block-embed is-type-video is-provider-youtube wp-embed-aspect-16-9 wp-has-aspect-ratio\"><div class=\"wp-block-embed__wrapper\">\n<iframe loading=\"lazy\" title=\"villandry\" width=\"474\" height=\"267\" src=\"https:\/\/www.youtube.com\/embed\/qq8rCVY8Hro?feature=oembed\" frameborder=\"0\" allow=\"accelerometer; autoplay; clipboard-write; encrypted-media; gyroscope; picture-in-picture; web-share\" allowfullscreen><\/iframe>\n<\/div><figcaption>Superbe reportage photos des jardins du ch\u00e2teau de Villandry <\/figcaption><\/figure>\n","protected":false},"excerpt":{"rendered":"<p>Jeudi 11 MAI 2023 Nous vous invitons \u00e0 visionner le reportage photos r\u00e9alis\u00e9 par Mr et Me Jean Fran\u00e7ois MOINET , adh\u00e9rents de la SHC . Un grand MERCI pour leur participation active !! o<\/p>\n","protected":false},"author":9,"featured_media":0,"parent":0,"menu_order":0,"comment_status":"closed","ping_status":"closed","template":"","meta":{"footnotes":""},"_links":{"self":[{"href":"https:\/\/old.horticulture18.fr\/index.php?rest_route=\/wp\/v2\/pages\/3414"}],"collection":[{"href":"https:\/\/old.horticulture18.fr\/index.php?rest_route=\/wp\/v2\/pages"}],"about":[{"href":"https:\/\/old.horticulture18.fr\/index.php?rest_route=\/wp\/v2\/types\/page"}],"author":[{"embeddable":true,"href":"https:\/\/old.horticulture18.fr\/index.php?rest_route=\/wp\/v2\/users\/9"}],"replies":[{"embeddable":true,"href":"https:\/\/old.horticulture18.fr\/index.php?rest_route=%2Fwp%2Fv2%2Fcomments&post=3414"}],"version-history":[{"count":0,"href":"https:\/\/old.horticulture18.fr\/index.php?rest_route=\/wp\/v2\/pages\/3414\/revisions"}],"wp:attachment":[{"href":"https:\/\/old.horticulture18.fr\/index.php?rest_route=%2Fwp%2Fv2%2Fmedia&parent=3414"}],"curies":[{"name":"wp","href":"https:\/\/api.w.org\/{rel}","templated":true}]}}